{"id":123,"date":"2016-02-13T17:18:32","date_gmt":"2016-02-13T17:18:32","guid":{"rendered":"http:\/\/malacoargentina.com.ar\/blog\/?page_id=123"},"modified":"2025-01-10T15:47:41","modified_gmt":"2025-01-10T15:47:41","slug":"premio-j-j-parodiz-bases-y-condiciones","status":"publish","type":"page","link":"http:\/\/malacoargentina.ar\/blog\/premio-j-j-parodiz-bases-y-condiciones\/","title":{"rendered":""},"content":{"rendered":"<h1 style=\"text-align: center;\"><span style=\"color: #333333;\">PREMIO EST\u00cdMULO A LA INVESTIGACI\u00d3N MALACOL\u00d3GICA \u201cJuan Jos\u00e9 Parodiz\u201d<\/span><\/h1>\n<h1 style=\"text-align: center;\"><span style=\"color: #3281c2;\">Bases y Condiciones <\/span><\/h1>\n<p class=\"has-text-align-center\">Con la creaci\u00f3n de la ASAM, se inicia en 2012 una etapa de est\u00edmulos a la investigaci\u00f3n de los moluscos argentinos que se realicen en nuestro pa\u00eds. El Premio recibe el nombre de Juan Jos\u00e9 Parodiz en homenaje al destacado malac\u00f3logo argentino, cuya historia de vida puede leerse en el obituario y bibliograf\u00eda de Charles F. Sturm. Los premios est\u00e1n orientados a estudiantes de grado o posgrado, que se encuentren asociados a la ASAM. La ASAM otorga un premio que toma la forma de una ayuda econ\u00f3mica al proyecto propuesto, para solventar al menos parcialmente los gastos de la investigaci\u00f3n. El destino del dinero otorgado quedar\u00e1 a criterio del estudiante beneficiado, debiendo ser utilizado para gastos inherentes al trabajo de investigaci\u00f3n propuesto.<\/p>\n<h1 style=\"text-align: center;\"><span style=\"color: #3281c2;\"> <\/span><\/h1>\n<p class=\"has-text-align-center\">Este a\u00f1o contamos con el aporte de <span style=\"color: #3281c2;\">Microlar Argentina S.A.<\/span> gracias al cual podemos ofrecer dos premios: un premio de <span style=\"color: #3281c2;\">$150.000 para estudiantes de posgrado<\/span> y un premio de <span style=\"color: #3281c2;\">$100.000 para estudiantes de grado<\/span>. La ASAM se reserva la posibilidad de redistribuir los premios si alguna categor\u00eda quedara o fuera declarada desierta.<\/p>\n<h1 style=\"text-align: center;\"><span style=\"color: #3281c2;\"> <\/span><\/h1>\n<p class=\"has-text-align-center\">Las postulaciones son evaluadas por el Comit\u00e9 Asesor de la ASAM, de acuerdo con los siguientes criterios: antecedentes acad\u00e9micos del postulante (hasta 40 puntos), relevancia regional del tema de investigaci\u00f3n propuesto (hasta 10 puntos), calidad cient\u00edfica del proyecto (hasta 20 puntos), claridad (hasta 10 puntos) y factibilidad (hasta 20 puntos). Los resultados finales son anunciados p\u00fablicamente a trav\u00e9s del sitio web, el Bolet\u00edn de la ASAM y v\u00eda e-mail a fines de junio de cada a\u00f1o.<\/p>\n<h1 style=\"text-align: center;\"><span style=\"color: #3281c2;\"> <\/span><\/h1>\n<p class=\"has-text-align-center\">Los postulantes deber\u00e1n estar al d\u00eda con las cuotas societarias de la ASAM al momento de la presentaci\u00f3n al premio. Los estudiantes de cada categor\u00eda deber\u00e1n mantener su condici\u00f3n de tales al <span style=\"color: #3281c2;\">30 de junio<\/span> del a\u00f1o correspondiente a la postulaci\u00f3n. Los estudiantes podr\u00e1n ser beneficiarios del Premio por una \u00fanica vez en cada categor\u00eda (grado y posgrado). Los estudiantes premiados por la ASAM deber\u00e1n enviar un art\u00edculo de divulgaci\u00f3n para su publicaci\u00f3n en el Bolet\u00edn de la ASAM para informar los resultados del proyecto, ateni\u00e9ndose a las normas de publicaci\u00f3n del mismo. Dicho art\u00edculo deber\u00e1 enviarse para ser publicado en el n\u00famero siguiente del Bolet\u00edn de la ASAM a partir de cumplirse el plazo estipulado para la realizaci\u00f3n del proyecto. De no cumplir con la presentaci\u00f3n de dicho art\u00edculo, la ASAM podr\u00e1 decidir la no participaci\u00f3n de ese miembro en futuras presentaciones de cualquier \u00edndole organizadas por la ASAM. En caso de presentarse dichos resultados en una reuni\u00f3n cient\u00edfica o de publicarse, la ASAM deber\u00e1 constar en los agradecimientos o en las fuentes de financiaci\u00f3n.<\/p>\n<h1 style=\"text-align: center;\"><span style=\"color: #3281c2;\"> <\/span><\/h1>\n<p class=\"has-text-align-center\"><strong><span style=\"color: #3281c2;\">INSTRUCCIONES DE PRESENTACI\u00d3N<\/span><\/strong><\/p>\n<h1 style=\"text-align: center;\"><span style=\"color: #3281c2;\"> <\/span><\/h1>\n<p class=\"has-text-align-center\">Al final de la p\u00e1gina se encuentra disponible el Formulario Premio JJ Parodiz que cada postulante deber\u00e1 completar respetando el tama\u00f1o de hoja y los m\u00e1rgenes del Formulario propuesto, la fuente a utilizar debe ser Arial 11, con interlineado sencillo, hasta un m\u00e1ximo total de 5 hojas. Dicho Formulario se debe enviar con toda la informaci\u00f3n que se detalla a continuaci\u00f3n:<\/p>\n<h1 style=\"text-align: center;\"><span style=\"color: #3281c2;\"> <\/span><\/h1>\n<p class=\"has-text-align-center\"><span style=\"color: #3281c2;\"><strong>DATOS PERSONALES<\/strong><\/span><\/p>\n<h1 style=\"text-align: center;\"><span style=\"color: #3281c2;\"> <\/span><\/h1>\n<p class=\"has-text-align-center\">Curriculum Vitae resumido con los principales logros acad\u00e9micos y cient\u00edficos del postulante (utilizar como m\u00e1ximo 1 p\u00e1gina para los Datos Personales y el CV).<\/p>\n<h1 style=\"text-align: center;\"><span style=\"color: #3281c2;\"> <\/span><\/h1>\n<p class=\"has-text-align-center\">Se puede incluir: promedio, a\u00f1os de estudio y duraci\u00f3n de la carrera (s\u00f3lo postulantes de grado), idiomas, presentaciones y\/o asistencia a congresos, participaci\u00f3n en proyectos de investigaci\u00f3n, cursos, becas obtenidas, publicaci\u00f3n de art\u00edculos acad\u00e9micos y de divulgaci\u00f3n, premios, experiencia en docencia, pasant\u00edas, etc.<\/p>\n<h1 style=\"text-align: center;\"><span style=\"color: #3281c2;\"> <\/span><\/h1>\n<p class=\"has-text-align-center\"><strong><span style=\"color: #3281c2;\">PROYECTO<\/span><\/strong><\/p>\n<p class=\"has-text-align-center\">(m\u00e1ximo 5 p\u00e1ginas, incluyendo la bibliograf\u00eda citada). Deber\u00e1 incluir:<\/p>\n<h1 style=\"text-align: center;\"><span style=\"color: #3281c2;\"> <\/span><\/h1>\n<p class=\"has-text-align-center\">T\u00edtulo del proyecto<\/p>\n<h1 style=\"text-align: center;\"><span style=\"color: #3281c2;\"> <\/span><\/h1>\n<p class=\"has-text-align-center\">Resumen del proyecto (m\u00e1ximo 150 palabras)<\/p>\n<h1 style=\"text-align: center;\"><span style=\"color: #3281c2;\"> <\/span><\/h1>\n<p class=\"has-text-align-center\">Descripci\u00f3n del proyecto incluyendo marco de referencia, objetivos propuestos, relevancia del tema a nivel regional, metodolog\u00eda a utilizar y un plan de trabajo con fechas estimativas y resultados esperados en relaci\u00f3n a la factibilidad del proyecto, considerando como plazo m\u00e1ximo para su desarrollo un per\u00edodo 18 meses, a partir de la publicaci\u00f3n de los resultados del Premio.<\/p>\n<h1 style=\"text-align: center;\"><span style=\"color: #3281c2;\"> <\/span><\/h1>\n<p class=\"has-text-align-center\">Presupuesto estimado para cubrir los gastos del proyecto. Si el proyecto forma parte de uno de mayor escala, debe indicarse la fuente que subsidia el resto del mismo. El premio de la ASAM ayudar\u00e1 a cubrir insumos, equipamiento desechable, y gastos de vi\u00e1ticos para campa\u00f1as pero no cubrir\u00e1 sueldos o equipamientos permanentes.<\/p>\n<h1 style=\"text-align: center;\"><span style=\"color: #3281c2;\"> <\/span><\/h1>\n<p class=\"has-text-align-center\">Lugar de trabajo donde se realizar\u00e1 el proyecto<\/p>\n<h1 style=\"text-align: center;\"><span style=\"color: #3281c2;\"> <\/span><\/h1>\n<p class=\"has-text-align-center\">Bibliograf\u00eda citada<\/p>\n<h1 style=\"text-align: center;\"><span style=\"color: #3281c2;\"> <\/span><\/h1>\n<p class=\"has-text-align-center\">Adem\u00e1s, cada postulante deber\u00e1 presentar una carta de aval de su director, o en su defecto del responsable del lugar de trabajo propuesto para la realizaci\u00f3n del proyecto. La misma podr\u00e1 ser adjuntada al Formulario Premio JJ Parodiz o podr\u00e1 ser remitida directamente por el firmante de la misma a nuestro e-mail.<\/p>\n<h1 style=\"text-align: center;\"><span style=\"color: #3281c2;\"> <\/span><\/h1>\n<p class=\"has-text-align-center\"><span style=\"color: #3281c2;\"><strong>ENV\u00cdO DE LA DOCUMENTACI\u00d3N<\/strong><\/span><\/p>\n<h1 style=\"text-align: center;\"><span style=\"color: #3281c2;\"> <\/span><\/h1>\n<p class=\"has-text-align-center\">Las postulaciones deben ser enviadas completas por e-mail.\u00a0<\/p>\n<h1 style=\"text-align: center;\"><span style=\"color: #3281c2;\"> <\/span><\/h1>\n<p class=\"has-text-align-center\">Env\u00edo de postulaciones o consultas:\u00a0malacologia.argentina@gmail.com<\/p>\n<p class=\"has-text-align-center\"><br \/>Pr\u00f3xima fecha l\u00edmite para la presentaci\u00f3n de proyectos: <span style=\"color: #3281c2;\"><strong>31 de marzo del 2025<\/strong><\/span>.<\/p>\n<p class=\"has-text-align-center\">Insistimos en que agenden esta fecha e invitamos a los estudiantes de grado y posgrado a que participen. Las bases y condiciones para la presentaci\u00f3n al premio Juan Jos\u00e9 Parodiz pueden descargarse en la p\u00e1gina web de la Asociaci\u00f3n.<\/p>\n<h1 style=\"text-align: center;\"><span style=\"color: #3281c2;\"><\/span><\/h1>\n\n\n<p class=\"has-text-align-center\"><\/p>\n\n\n\n<div class=\"wp-block-buttons is-layout-flex wp-block-buttons-is-layout-flex\">\n<div class=\"wp-block-button\"><a class=\"wp-block-button__link has-text-align-center wp-element-button\" href=\"http:\/\/malacoargentina.ar\/blog\/wp-content\/uploads\/2018\/01\/Formulario-Premio-JJ-Parodiz.docx\"><strong><mark style=\"background-color:rgba(0, 0, 0, 0)\" class=\"has-inline-color has-blue-color\">FORMULARIO<\/mark><\/strong><\/a><\/div>\n<\/div>\n","protected":false},"excerpt":{"rendered":"<p>PREMIO EST\u00cdMULO A LA INVESTIGACI\u00d3N MALACOL\u00d3GICA \u201cJuan Jos\u00e9 Parodiz\u201d Bases y Condiciones Con la creaci\u00f3n de la ASAM, se inicia en 2012 una etapa de est\u00edmulos a la investigaci\u00f3n de los moluscos argentinos que se realicen en nuestro pa\u00eds. El Premio recibe el nombre de Juan Jos\u00e9 Parodiz en homenaje al destacado malac\u00f3logo argentino, cuya [&hellip;]<\/p>\n","protected":false},"author":1,"featured_media":0,"parent":0,"menu_order":0,"comment_status":"closed","ping_status":"closed","template":"","meta":{"footnotes":""},"class_list":["post-123","page","type-page","status-publish","hentry"],"_links":{"self":[{"href":"http:\/\/malacoargentina.ar\/blog\/wp-json\/wp\/v2\/pages\/123","targetHints":{"allow":["GET"]}}],"collection":[{"href":"http:\/\/malacoargentina.ar\/blog\/wp-json\/wp\/v2\/pages"}],"about":[{"href":"http:\/\/malacoargentina.ar\/blog\/wp-json\/wp\/v2\/types\/page"}],"author":[{"embeddable":true,"href":"http:\/\/malacoargentina.ar\/blog\/wp-json\/wp\/v2\/users\/1"}],"replies":[{"embeddable":true,"href":"http:\/\/malacoargentina.ar\/blog\/wp-json\/wp\/v2\/comments?post=123"}],"version-history":[{"count":37,"href":"http:\/\/malacoargentina.ar\/blog\/wp-json\/wp\/v2\/pages\/123\/revisions"}],"predecessor-version":[{"id":806,"href":"http:\/\/malacoargentina.ar\/blog\/wp-json\/wp\/v2\/pages\/123\/revisions\/806"}],"wp:attachment":[{"href":"http:\/\/malacoargentina.ar\/blog\/wp-json\/wp\/v2\/media?parent=123"}],"curies":[{"name":"wp","href":"https:\/\/api.w.org\/{rel}","templated":true}]}}