{"id":132,"date":"2016-02-13T20:00:26","date_gmt":"2016-02-13T20:00:26","guid":{"rendered":"http:\/\/malacoargentina.com.ar\/blog\/?page_id=132"},"modified":"2025-08-12T01:23:39","modified_gmt":"2025-08-12T01:23:39","slug":"ganadores-premio-j-j-parodiz","status":"publish","type":"page","link":"http:\/\/malacoargentina.ar\/blog\/ganadores-premio-j-j-parodiz\/","title":{"rendered":"GANADORES PREMIO JUAN JOS\u00c9 PARODIZ"},"content":{"rendered":"<p style=\"text-align: center;\"><span style=\"color: #0000ff;\"><strong>INFORMACI\u00d3N DE LOS GANADORES DEL PREMIO J.J. PARODIZ<br \/>\n<\/strong><\/span><\/p>\n<p style=\"text-align: center;\"><strong><em>2025<\/em><\/strong><\/p>\n<p><strong>Cat. Posgrado: Lic. <span class=\"fontstyle0\">Micaela M\u00fcller<\/span>\u00a0<\/strong> \u2013 <span class=\"fontstyle3\">\u00abCaracoles como vectores: evaluando el papel de los caracoles <\/span><span class=\"fontstyle4\">Lymnaeidae <\/span><span class=\"fontstyle3\">en la transmisi\u00f3n de fasciolosis en Patagonia\u00bb.<\/span><\/p>\n<p><strong>Cat. Posgrado:<\/strong> <strong>Lic. <span class=\"fontstyle0\">Valentina Asgrizze<\/span> <\/strong>\u2013 <span class=\"fontstyle3\">\u00abModelos de nicho ecol\u00f3gico para el an\u00e1lisis de la distribuci\u00f3n actual y futura y la vulnerabilidad de un gaster\u00f3podo de agua<br \/>\ndulce, <\/span><em><span class=\"fontstyle4\">Pomacea scalaris<\/span><\/em><span class=\"fontstyle3\">\u00ab.<\/span><\/p>\n<p style=\"text-align: center;\"><strong><em>2024<\/em><\/strong><\/p>\n<p><strong>Cat. Grado: Mat\u00edas Marquez <\/strong>\u00a0\u2013 \u201cResistencia bi\u00f3tica del caracol nativo de agua dulce <em>Pomacea canaliculata<\/em> contra macr\u00f3fitas y caracoles ex\u00f3ticos en el sudoeste bonaerense\u201d.<\/p>\n<p><strong>Cat. Posgrado:<\/strong> <strong>Lic. Roc\u00edo Amondarain <\/strong>\u2013 \u201cTolerancia de los neonatos a m\u00faltiples estresores como determinante de la invasividad y vulnerabilidad de caracoles dulceacu\u00edcolas\u201d.<\/p>\n<p style=\"text-align: center;\"><strong><em>2023<\/em><\/strong><\/p>\n<p><strong>Cat. Grado: Victoria Zanin <\/strong>\u00a0\u2013 \u201cLa familia Streptaxidae Gray, 1860 (Gastropoda) en la Provincia de Misiones: primer abordaje de taxonom\u00eda integrativa en caracoles terrestres carn\u00edvoros\u201d.<\/p>\n<p><strong>Cat. Posgrado:<\/strong> <strong>Lic. Angemara Rau <\/strong>\u00a0\u2013 \u201cEstudios morfo-anat\u00f3micos, moleculares y de distribuci\u00f3n de Ancylinae (Gastropoda: Planorbidae) de la Argentina, principalmente de la Provincia de Misiones\u201d.<\/p>\n<p style=\"text-align: center;\"><strong><em>2022<\/em><\/strong><\/p>\n<p><strong>Cat. Grado: Emilio Mansilla <\/strong>\u00a0\u2013 \u201cEvaluaci\u00f3n de biomarcadores de contaminaci\u00f3n por clorpirif\u00f3s, deltametrina, lambdacialotrina y clorfenapir en <em>Pomacea canaliculata<\/em> (Caenogastropoda, Ampullariidae)\u201d.<\/p>\n<p><strong>Cat. Posgrado:<\/strong> <strong>Lic. Sonia Landro<\/strong> \u2013 \u201cEl mit\u00edlido <em>Brachidontes rodriguezii<\/em> (d\u2019Orbigny, 1846) como bioindicador y centinela de contaminaci\u00f3n ambiental en \u00e1reas costeras de Argentina\u201d.<\/p>\n<p style=\"text-align: center;\"><strong><em>2021<\/em><\/strong><\/p>\n<p><strong>Cat. Grado: Juli\u00e1n Guerrero Spagnuoli <\/strong>\u00a0\u2013 \u201cCaracterizaci\u00f3n de los haplotipos de ADN mitocondrial del caracol terrestre invasor Rumina decollata (Linnaeus, 1758) presentes en Argentina\u201d.<\/p>\n<p><strong>Cat. Posgrado:<\/strong> <strong>Lic. Enzo Noel Serniotti<\/strong> \u2013 \u201cEstudios morfoanatomicos y moleculares del caracol ex\u00f3tico invasor Bradybaena similaris (Gastropoda: Panpulmonata) en la provincia de Misiones\u201d.<\/p>\n<p style=\"text-align: center;\"><strong><em>2020<\/em><\/strong><\/p>\n<p><strong>Cat. Grado: Samanta Molina<\/strong> \u2013 \u201cDistribuci\u00f3n, caracterizaci\u00f3n morfo-anat\u00f3mica y gen\u00e9tica de poblaciones de <em>Pseudosuccinea columella<\/em> (Say, 1817) (Lymnaeidae) en la Provincia de Misiones\u201d<\/p>\n<p><strong>Cat. Posgrado:<\/strong> <strong>Lic. <\/strong><strong>Leonel Pacheco<\/strong> \u2013 \u201cDescubriendo el mar profundo argentino: Los bivalvos septibranquios.\u201d<\/p>\n<p style=\"text-align: center;\"><strong><em>2019<\/em><\/strong><\/p>\n<p><strong>Cat. Posgrado: Lic. Noelia S\u00e1ncez \u2013 <\/strong>\u201cGaster\u00f3podos conoideos de aguas profundas de Argentina: El g\u00e9nero <em><i>Leucosyrinx<\/i><\/em>\u201d<\/p>\n<p style=\"text-align: center;\"><strong><em>2018<\/em><\/strong><\/p>\n<p><strong>Cat. Grado: Leila Guzm\u00e1n<\/strong> \u2013 \u201cCaracterizaci\u00f3n morfol\u00f3gica y molecular de poblaciones misioneras del g\u00e9nero <em>Omalonyx <\/em>d\u2019Orbigny, 1837 (Succineidae)\u201d<\/p>\n<p><strong>Cat. Posgrado:<\/strong> <strong>Lic. Micaela de Luc\u00eda<\/strong> \u2013 \u201cAn\u00e1lisis conquiol\u00f3gico, anat\u00f3mico y molecular en especies amenazadas del g\u00e9nero <em>Potamolithus<\/em>, sobre el R\u00edo de la Plata (Argentina)\u201d<\/p>\n<p style=\"text-align: center;\"><em><strong>2017<\/strong><\/em><\/p>\n<p><strong>Lic. Carla Tomassi <\/strong>\u2013 \u201cEstudio de moluscos de la Familia Lymnaeidae vectores de Fasciolosis en comunidades de altura en la Provincia de Catamarca\u201c<\/p>\n<p><strong>Lic. Paola Reyna<\/strong>\u2013 \u201c\u00bfQu\u00e9 factores ambientales determinan la distribuci\u00f3n de <em>Corbicula largillierti<\/em>? El caso particular de la cuenca del R\u00edo Suqu\u00eda, C\u00f3rdoba\u201c<\/p>\n<p style=\"text-align: center;\"><strong><em>2016<\/em><\/strong><\/p>\n<p style=\"text-align: left;\"><strong>Ariana Gisela Mor\u00e1n<\/strong>\u00a0\u2013 \u201cAn\u00e1lisis morfogeom\u00e9trico y esclerocronol\u00f3gico en bivalvos marinos como proxies clim\u00e1ticos y ambientales en el Holoceno de Patagonia Argentina\u201d<\/p>\n<p style=\"text-align: center;\"><strong><em>2015<\/em><\/strong><\/p>\n<p style=\"text-align: left;\"><strong>Mariel Fernanda Gurovich<\/strong> &#8211; \u201cDistribuci\u00f3n espacial de <em>Pomacea americanista<\/em> (Caenogastropoda: Ampullariidae), un caracol dulceacu\u00edcola end\u00e9mico de la Mesopotamia Argentina\u201d<\/p>\n<p style=\"text-align: center;\"><strong><em>2014<\/em><\/strong><\/p>\n<p style=\"text-align: left;\"><strong>Mar\u00eda Jos\u00e9 P\u00edo<\/strong> &#8211; \u00abEvoluci\u00f3n de la r\u00e1dula de la familia Muricidae\u00bb<\/p>\n<p style=\"text-align: center;\"><strong><em>2013<\/em><\/strong><\/p>\n<p style=\"text-align: left;\"><strong>Ariel Beltramino<\/strong> &#8211; \u00ab<em>Megalobulimus lorentzianus<\/em> (Doering, 1876) (Gastropoda\u00a0Pulmonata): redescripci\u00f3n anat\u00f3mica, caracterizaci\u00f3n gen\u00e9tica y su \u00e1rea de distribuci\u00f3n\u00a0potencial\u00bb<\/p>\n<p style=\"text-align: center;\"><strong><em>2012<\/em><\/strong><\/p>\n<p style=\"text-align: left;\"><strong>Mar\u00eda Soledad Zabala<\/strong> &#8211; \u00abEcolog\u00eda tr\u00f3fica del caracol <em>Adelomelon ancilla<\/em> y\u00a0su an\u00e9mona epibionte <em>Antholoba achates<\/em>: contrastando t\u00e9cnicas directas e indirectas\u00bb<\/p>\n","protected":false},"excerpt":{"rendered":"<p>INFORMACI\u00d3N DE LOS GANADORES DEL PREMIO J.J. PARODIZ 2025 Cat. Posgrado: Lic. Micaela M\u00fcller\u00a0 \u2013 \u00abCaracoles como vectores: evaluando el papel de los caracoles Lymnaeidae en la transmisi\u00f3n de fasciolosis en Patagonia\u00bb. Cat. Posgrado: Lic. Valentina Asgrizze \u2013 \u00abModelos de nicho ecol\u00f3gico para el an\u00e1lisis de la distribuci\u00f3n actual y futura y la vulnerabilidad de [&hellip;]<\/p>\n","protected":false},"author":1,"featured_media":0,"parent":0,"menu_order":0,"comment_status":"closed","ping_status":"closed","template":"","meta":{"footnotes":""},"class_list":["post-132","page","type-page","status-publish","hentry"],"_links":{"self":[{"href":"http:\/\/malacoargentina.ar\/blog\/wp-json\/wp\/v2\/pages\/132","targetHints":{"allow":["GET"]}}],"collection":[{"href":"http:\/\/malacoargentina.ar\/blog\/wp-json\/wp\/v2\/pages"}],"about":[{"href":"http:\/\/malacoargentina.ar\/blog\/wp-json\/wp\/v2\/types\/page"}],"author":[{"embeddable":true,"href":"http:\/\/malacoargentina.ar\/blog\/wp-json\/wp\/v2\/users\/1"}],"replies":[{"embeddable":true,"href":"http:\/\/malacoargentina.ar\/blog\/wp-json\/wp\/v2\/comments?post=132"}],"version-history":[{"count":19,"href":"http:\/\/malacoargentina.ar\/blog\/wp-json\/wp\/v2\/pages\/132\/revisions"}],"predecessor-version":[{"id":812,"href":"http:\/\/malacoargentina.ar\/blog\/wp-json\/wp\/v2\/pages\/132\/revisions\/812"}],"wp:attachment":[{"href":"http:\/\/malacoargentina.ar\/blog\/wp-json\/wp\/v2\/media?parent=132"}],"curies":[{"name":"wp","href":"https:\/\/api.w.org\/{rel}","templated":true}]}}