{"id":2,"date":"2016-01-14T22:51:37","date_gmt":"2016-01-14T22:51:37","guid":{"rendered":"http:\/\/malacoargentina.com.ar\/blog\/?page_id=2"},"modified":"2024-05-27T14:47:14","modified_gmt":"2024-05-27T14:47:14","slug":"interes","status":"publish","type":"page","link":"http:\/\/malacoargentina.ar\/blog\/interes\/","title":{"rendered":"LINKS DE INTER\u00c9S Y OTRAS SOCIEDADES MALACOL\u00d3GICAS"},"content":{"rendered":"<p><img loading=\"lazy\" decoding=\"async\" class=\"aligncenter wp-image-102 size-full\" src=\"http:\/\/malacoargentina.com.ar\/blog\/wp-content\/uploads\/2016\/01\/links-e1455381028782.jpg\" alt=\"links\" width=\"935\" height=\"235\" srcset=\"http:\/\/malacoargentina.ar\/blog\/wp-content\/uploads\/2016\/01\/links-e1455381028782.jpg 935w, http:\/\/malacoargentina.ar\/blog\/wp-content\/uploads\/2016\/01\/links-e1455381028782-300x75.jpg 300w, http:\/\/malacoargentina.ar\/blog\/wp-content\/uploads\/2016\/01\/links-e1455381028782-768x193.jpg 768w, http:\/\/malacoargentina.ar\/blog\/wp-content\/uploads\/2016\/01\/links-e1455381028782-624x157.jpg 624w\" sizes=\"auto, (max-width: 935px) 100vw, 935px\" \/><\/p>\n<blockquote>\n<p style=\"text-align: center;\"><a href=\"https:\/\/www.facebook.com\/SociedadMalacologicaDelUruguay\/\" target=\"_blank\" rel=\"noopener\">Sociedad malacol\u00f3gica del Uruguay<\/a>\u00a0 \u00a0| \u00a0\u00a0<a href=\"http:\/\/sbmalacologia.com.br\/\" target=\"_blank\" rel=\"noopener\">Sociedad brasilera de malacologia <\/a><\/p>\n<p style=\"text-align: center;\"><a href=\"https:\/\/www.facebook.com\/SociedadMalacologicaChile\/?locale=es_LA\" target=\"_blank\" rel=\"noopener\">Sociedad malacol\u00f3gica de Chile<\/a>\u00a0 \u00a0| \u00a0\u00a0<a href=\"https:\/\/www.smmac.org.mx\/\" target=\"_blank\" rel=\"noopener\">Sociedad Mexicana de malacolog\u00eda<\/a><\/p>\n<p style=\"text-align: center;\"><a href=\"https:\/\/www.soesma.es\/\" target=\"_blank\" rel=\"noopener\">Sociedad Espa\u00f1ola de malacolog\u00eda<\/a>\u00a0 \u00a0| \u00a0\u00a0<a href=\"https:\/\/www.malsocaus.org\/\" target=\"_blank\" rel=\"noopener\">Malacological society Australasia<\/a><\/p>\n<p style=\"text-align: center;\"><a href=\"https:\/\/ams.wildapricot.org\/\" target=\"_blank\" rel=\"noopener\">American Malacological Society, Inc. (links to many other sites)<\/a><\/p>\n<p style=\"text-align: center;\"><a href=\"https:\/\/malacsoc.org.uk\/\" target=\"_blank\" rel=\"noopener\">Malacological Society of London<\/a><\/p>\n<p style=\"text-align: center;\"><a href=\"http:\/\/www.unitasmalacologica.org\/\" target=\"_blank\" rel=\"noopener\">UNITAS<\/a>\u00a0 \u00a0| \u00a0\u00a0<a href=\"https:\/\/conchologistsofamerica.org\/\" target=\"_blank\" rel=\"noopener\">Conchologists of America<\/a>\u00a0 \u00a0| \u00a0\u00a0<a href=\"https:\/\/natuurtijdschriften.nl\/pub\/566669\" target=\"_blank\" rel=\"noopener\">European Quaternary Malacologists (EQMal)<\/a><\/p>\n<p style=\"text-align: center;\"><a href=\"https:\/\/www.spirula.nl\/the-netherlands-malacological-society-nmv\/\">The Dutch Malacological Society<\/a>\u00a0 \u00a0| \u00a0\u00a0<a href=\"https:\/\/www.societaitalianadimalacologia.it\/en\/\">The Italian Malacological Society (S.I.M.)<\/a><\/p>\n<p style=\"text-align: center;\"><a href=\"http:\/\/www.malakologia.org\/\" target=\"_blank\" rel=\"noopener\">The Association of Polish Malacologists<\/a>\u00a0 \u00a0| \u00a0\u00a0<a href=\"https:\/\/neptunea.org\/\" target=\"_blank\" rel=\"noopener\">Belgian Malacological Society<\/a><\/p>\n<p style=\"text-align: center;\"><a href=\"https:\/\/www.senckenberg.de\/en\/institutes\/senckenberg-research-institute-natural-history-museum-frankfurt\/division-marine-zoology\/section-malakologie-2\/ffm-malacology-german-malacology-society\/\" target=\"_blank\" rel=\"noopener\">German Malacological Society<\/a><\/p>\n<\/blockquote>\n<p style=\"text-align: center;\"><img loading=\"lazy\" decoding=\"async\" class=\"alignnone wp-image-117\" src=\"http:\/\/malacoargentina.com.ar\/blog\/wp-content\/uploads\/2016\/01\/www-300x73.jpg\" alt=\"www\" width=\"11113\" height=\"2705\" srcset=\"http:\/\/malacoargentina.ar\/blog\/wp-content\/uploads\/2016\/01\/www-300x73.jpg 300w, http:\/\/malacoargentina.ar\/blog\/wp-content\/uploads\/2016\/01\/www-768x187.jpg 768w, http:\/\/malacoargentina.ar\/blog\/wp-content\/uploads\/2016\/01\/www-1024x249.jpg 1024w, http:\/\/malacoargentina.ar\/blog\/wp-content\/uploads\/2016\/01\/www-624x152.jpg 624w, http:\/\/malacoargentina.ar\/blog\/wp-content\/uploads\/2016\/01\/www.jpg 1401w\" sizes=\"auto, (max-width: 11113px) 100vw, 11113px\" \/><\/p>\n<blockquote>\n<p style=\"text-align: center;\"><a href=\"https:\/\/shnh.org.uk\/#:~:text=The%20Society%20for%20the%20History,%2C%20exploration%2C%20art%20and%20bibliography.\">The Society for the History of Natural History<\/a>\u00a0 \u00a0| \u00a0\u00a0<a href=\"https:\/\/www.linnean.org\/\">Linnean Society<\/a><\/p>\n<p style=\"text-align: center;\"><a href=\"https:\/\/ucmp.berkeley.edu\/mologis\/mollia.html\">Mollia: information for malacologists<\/a>\u00a0 \u00a0| \u00a0\u00a0<a href=\"http:\/\/www.ucmp.berkeley.edu\/mologis\/mollusca.html\">Molluscan Evolution listserver<\/a><\/p>\n<p style=\"text-align: center;\"><a href=\"http:\/\/www.seaslugforum.net\/\">The Sea Slugs Forum<\/a><\/p>\n<p style=\"text-align: center;\"><a href=\"https:\/\/australian.museum\/\">Australian Museum<\/a>\u00a0 \u00a0| \u00a0\u00a0<a href=\"https:\/\/cephalopod.wordpress.com\/\">Cephalopod International Advisory Council<\/a><\/p>\n<p style=\"text-align: center;\"><a href=\"https:\/\/clemam.unich.it\/home-clemam-2226\">CLEMAM<\/a><\/p>\n<\/blockquote>\n","protected":false},"excerpt":{"rendered":"<p>Sociedad malacol\u00f3gica del Uruguay\u00a0 \u00a0| \u00a0\u00a0Sociedad brasilera de malacologia Sociedad malacol\u00f3gica de Chile\u00a0 \u00a0| \u00a0\u00a0Sociedad Mexicana de malacolog\u00eda Sociedad Espa\u00f1ola de malacolog\u00eda\u00a0 \u00a0| \u00a0\u00a0Malacological society Australasia American Malacological Society, Inc. (links to many other sites) Malacological Society of London UNITAS\u00a0 \u00a0| \u00a0\u00a0Conchologists of America\u00a0 \u00a0| \u00a0\u00a0European Quaternary Malacologists (EQMal) The Dutch Malacological Society\u00a0 \u00a0| \u00a0\u00a0The [&hellip;]<\/p>\n","protected":false},"author":1,"featured_media":0,"parent":0,"menu_order":0,"comment_status":"closed","ping_status":"closed","template":"page-templates\/full-width.php","meta":{"footnotes":""},"class_list":["post-2","page","type-page","status-publish","hentry"],"_links":{"self":[{"href":"http:\/\/malacoargentina.ar\/blog\/wp-json\/wp\/v2\/pages\/2","targetHints":{"allow":["GET"]}}],"collection":[{"href":"http:\/\/malacoargentina.ar\/blog\/wp-json\/wp\/v2\/pages"}],"about":[{"href":"http:\/\/malacoargentina.ar\/blog\/wp-json\/wp\/v2\/types\/page"}],"author":[{"embeddable":true,"href":"http:\/\/malacoargentina.ar\/blog\/wp-json\/wp\/v2\/users\/1"}],"replies":[{"embeddable":true,"href":"http:\/\/malacoargentina.ar\/blog\/wp-json\/wp\/v2\/comments?post=2"}],"version-history":[{"count":22,"href":"http:\/\/malacoargentina.ar\/blog\/wp-json\/wp\/v2\/pages\/2\/revisions"}],"predecessor-version":[{"id":777,"href":"http:\/\/malacoargentina.ar\/blog\/wp-json\/wp\/v2\/pages\/2\/revisions\/777"}],"wp:attachment":[{"href":"http:\/\/malacoargentina.ar\/blog\/wp-json\/wp\/v2\/media?parent=2"}],"curies":[{"name":"wp","href":"https:\/\/api.w.org\/{rel}","templated":true}]}}